{"id":243,"date":"2026-04-25T12:43:41","date_gmt":"2026-04-25T12:43:41","guid":{"rendered":"https:\/\/www.plumeacoeuravif.com\/?page_id=243"},"modified":"2026-04-25T13:02:03","modified_gmt":"2026-04-25T13:02:03","slug":"dans-latelier-interieur","status":"publish","type":"page","link":"https:\/\/www.plumeacoeuravif.com\/index.php\/dans-latelier-interieur\/","title":{"rendered":"Dans l\u2019atelier int\u00e9rieur"},"content":{"rendered":"\n<div style=\"height:31px\" aria-hidden=\"true\" class=\"wp-block-spacer\"><\/div>\n\n\n\n<h2 class=\"wp-block-heading\">Bienvenue dans l\u2019atelier int\u00e9rieur d&rsquo;un c\u0153ur.<\/h2>\n\n\n\n<h3 class=\"wp-block-heading has-text-align-center\"><br>Ici naissent les \u0153uvres, d&rsquo;un battement de c\u0153ur dans le silence doux du graphite, ou la vie d&rsquo;un pinceau.<\/h3>\n\n\n\n<div style=\"height:43px\" aria-hidden=\"true\" class=\"wp-block-spacer\"><\/div>\n\n\n\n<h2 class=\"wp-block-heading has-text-align-center\">Chaque trait traverse l&rsquo;\u00e9motion.                      Chaque trait traverse la vie.<\/h2>\n\n\n\n<div style=\"height:42px\" aria-hidden=\"true\" class=\"wp-block-spacer\"><\/div>\n\n\n\n<h1 class=\"wp-block-heading\">\u270f\ufe0f Naissance des \u0153uvres<\/h1>\n\n\n\n<div style=\"height:100px\" aria-hidden=\"true\" class=\"wp-block-spacer\"><\/div>\n\n\n\n<p><em>En cr\u00e9ation silencieuse<\/em><\/p>\n\n\n\n<div style=\"height:43px\" aria-hidden=\"true\" class=\"wp-block-spacer\"><\/div>\n","protected":false},"excerpt":{"rendered":"<p>Bienvenue dans l\u2019atelier int\u00e9rieur d&rsquo;un c\u0153ur. Ici naissent les \u0153uvres, d&rsquo;un battement de c\u0153ur dans le silence doux du graphite, ou la vie d&rsquo;un pinceau. Chaque trait traverse l&rsquo;\u00e9motion. Chaque trait traverse la vie. \u270f\ufe0f Naissance des \u0153uvres En cr\u00e9ation silencieuse<\/p>\n","protected":false},"author":1,"featured_media":0,"parent":0,"menu_order":0,"comment_status":"closed","ping_status":"closed","template":"","meta":{"footnotes":""},"class_list":["post-243","page","type-page","status-publish","hentry"],"_links":{"self":[{"href":"https:\/\/www.plumeacoeuravif.com\/index.php\/wp-json\/wp\/v2\/pages\/243","targetHints":{"allow":["GET"]}}],"collection":[{"href":"https:\/\/www.plumeacoeuravif.com\/index.php\/wp-json\/wp\/v2\/pages"}],"about":[{"href":"https:\/\/www.plumeacoeuravif.com\/index.php\/wp-json\/wp\/v2\/types\/page"}],"author":[{"embeddable":true,"href":"https:\/\/www.plumeacoeuravif.com\/index.php\/wp-json\/wp\/v2\/users\/1"}],"replies":[{"embeddable":true,"href":"https:\/\/www.plumeacoeuravif.com\/index.php\/wp-json\/wp\/v2\/comments?post=243"}],"version-history":[{"count":14,"href":"https:\/\/www.plumeacoeuravif.com\/index.php\/wp-json\/wp\/v2\/pages\/243\/revisions"}],"predecessor-version":[{"id":257,"href":"https:\/\/www.plumeacoeuravif.com\/index.php\/wp-json\/wp\/v2\/pages\/243\/revisions\/257"}],"wp:attachment":[{"href":"https:\/\/www.plumeacoeuravif.com\/index.php\/wp-json\/wp\/v2\/media?parent=243"}],"curies":[{"name":"wp","href":"https:\/\/api.w.org\/{rel}","templated":true}]}}