{"id":22,"date":"2026-04-24T08:16:00","date_gmt":"2026-04-24T08:16:00","guid":{"rendered":"https:\/\/www.plumeacoeuravif.com\/?page_id=22"},"modified":"2026-04-25T09:35:27","modified_gmt":"2026-04-25T09:35:27","slug":"a-propos","status":"publish","type":"page","link":"https:\/\/www.plumeacoeuravif.com\/index.php\/a-propos\/","title":{"rendered":"\u00c0 propos"},"content":{"rendered":"\n<div style=\"height:29px\" aria-hidden=\"true\" class=\"wp-block-spacer\"><\/div>\n\n\n\n<h3 class=\"wp-block-heading\">Plume \u00e0 c\u0153ur \u00e0 vif est un espace o\u00f9 se rencontrent <\/h3>\n\n\n\n<h3 class=\"wp-block-heading\">le dessin, les mots et les fragments d\u2019\u00e2me.<\/h3>\n\n\n\n<div style=\"height:33px\" aria-hidden=\"true\" class=\"wp-block-spacer\"><\/div>\n\n\n\n<h2 class=\"wp-block-heading has-text-align-center\">Chaque \u0153uvre na\u00eet d\u2019une travers\u00e9e int\u00e9rieure : ombre, r\u00e9silience, lumi\u00e8re.<\/h2>\n\n\n\n<div style=\"height:25px\" aria-hidden=\"true\" class=\"wp-block-spacer\"><\/div>\n\n\n\n<blockquote class=\"wp-block-quote is-layout-flow wp-block-quote-is-layout-flow\">\n<p class=\"has-large-font-size\">Le crayon pour dire le silence.<\/p>\n\n\n\n<p class=\"has-large-font-size\">Les mots pour rencontrer les silences.<\/p>\n<\/blockquote>\n\n\n\n<div style=\"height:32px\" aria-hidden=\"true\" class=\"wp-block-spacer\"><\/div>\n\n\n\n<p class=\"has-large-font-size\">Bienvenue dans cet univers \u00e0 ressentir, \u00e0 traverser, \u00e0 grandir.<\/p>\n\n\n\n<p><\/p>\n","protected":false},"excerpt":{"rendered":"<p>Plume \u00e0 c\u0153ur \u00e0 vif est un espace o\u00f9 se rencontrent le dessin, les mots et les fragments d\u2019\u00e2me. Chaque \u0153uvre na\u00eet d\u2019une travers\u00e9e int\u00e9rieure : ombre, r\u00e9silience, lumi\u00e8re. Le crayon pour dire le silence. Les mots pour rencontrer les silences. Bienvenue dans cet univers \u00e0 ressentir, \u00e0 traverser, \u00e0 grandir.<\/p>\n","protected":false},"author":1,"featured_media":0,"parent":0,"menu_order":0,"comment_status":"closed","ping_status":"closed","template":"","meta":{"footnotes":""},"class_list":["post-22","page","type-page","status-publish","hentry"],"_links":{"self":[{"href":"https:\/\/www.plumeacoeuravif.com\/index.php\/wp-json\/wp\/v2\/pages\/22","targetHints":{"allow":["GET"]}}],"collection":[{"href":"https:\/\/www.plumeacoeuravif.com\/index.php\/wp-json\/wp\/v2\/pages"}],"about":[{"href":"https:\/\/www.plumeacoeuravif.com\/index.php\/wp-json\/wp\/v2\/types\/page"}],"author":[{"embeddable":true,"href":"https:\/\/www.plumeacoeuravif.com\/index.php\/wp-json\/wp\/v2\/users\/1"}],"replies":[{"embeddable":true,"href":"https:\/\/www.plumeacoeuravif.com\/index.php\/wp-json\/wp\/v2\/comments?post=22"}],"version-history":[{"count":18,"href":"https:\/\/www.plumeacoeuravif.com\/index.php\/wp-json\/wp\/v2\/pages\/22\/revisions"}],"predecessor-version":[{"id":219,"href":"https:\/\/www.plumeacoeuravif.com\/index.php\/wp-json\/wp\/v2\/pages\/22\/revisions\/219"}],"wp:attachment":[{"href":"https:\/\/www.plumeacoeuravif.com\/index.php\/wp-json\/wp\/v2\/media?parent=22"}],"curies":[{"name":"wp","href":"https:\/\/api.w.org\/{rel}","templated":true}]}}