{"id":20,"date":"2026-04-24T08:15:41","date_gmt":"2026-04-24T08:15:41","guid":{"rendered":"https:\/\/www.plumeacoeuravif.com\/?page_id=20"},"modified":"2026-04-25T09:49:33","modified_gmt":"2026-04-25T09:49:33","slug":"parcours-artistique","status":"publish","type":"page","link":"https:\/\/www.plumeacoeuravif.com\/index.php\/parcours-artistique\/","title":{"rendered":"Parcours artistique"},"content":{"rendered":"\n<div style=\"height:37px\" aria-hidden=\"true\" class=\"wp-block-spacer\"><\/div>\n\n\n\n<h2 class=\"wp-block-heading\" style=\"margin-top:20px;margin-bottom:20px\">Des mots pour apprivoiser l&rsquo;ombre <\/h2>\n\n\n\n<h2 class=\"wp-block-heading\" style=\"margin-top:20px;margin-bottom:20px\">Des images \u00e0 ressentir<\/h2>\n\n\n\n<h2 class=\"wp-block-heading\" style=\"margin-top:20px;margin-bottom:20px\">Une travers\u00e9e vers la lumi\u00e8re<\/h2>\n\n\n\n<div style=\"height:40px\" aria-hidden=\"true\" class=\"wp-block-spacer\"><\/div>\n\n\n\n<p><em>Cette page s\u2019\u00e9crira au fil du chemin.<\/em><\/p>\n\n\n\n<div style=\"height:40px\" aria-hidden=\"true\" class=\"wp-block-spacer\"><\/div>\n\n\n\n<p><\/p>\n\n\n\n<p><\/p>\n\n\n\n<p><\/p>\n\n\n\n<p><\/p>\n","protected":false},"excerpt":{"rendered":"<p>Des mots pour apprivoiser l&rsquo;ombre Des images \u00e0 ressentir Une travers\u00e9e vers la lumi\u00e8re Cette page s\u2019\u00e9crira au fil du chemin.<\/p>\n","protected":false},"author":1,"featured_media":0,"parent":0,"menu_order":0,"comment_status":"closed","ping_status":"closed","template":"","meta":{"footnotes":""},"class_list":["post-20","page","type-page","status-publish","hentry"],"_links":{"self":[{"href":"https:\/\/www.plumeacoeuravif.com\/index.php\/wp-json\/wp\/v2\/pages\/20","targetHints":{"allow":["GET"]}}],"collection":[{"href":"https:\/\/www.plumeacoeuravif.com\/index.php\/wp-json\/wp\/v2\/pages"}],"about":[{"href":"https:\/\/www.plumeacoeuravif.com\/index.php\/wp-json\/wp\/v2\/types\/page"}],"author":[{"embeddable":true,"href":"https:\/\/www.plumeacoeuravif.com\/index.php\/wp-json\/wp\/v2\/users\/1"}],"replies":[{"embeddable":true,"href":"https:\/\/www.plumeacoeuravif.com\/index.php\/wp-json\/wp\/v2\/comments?post=20"}],"version-history":[{"count":20,"href":"https:\/\/www.plumeacoeuravif.com\/index.php\/wp-json\/wp\/v2\/pages\/20\/revisions"}],"predecessor-version":[{"id":232,"href":"https:\/\/www.plumeacoeuravif.com\/index.php\/wp-json\/wp\/v2\/pages\/20\/revisions\/232"}],"wp:attachment":[{"href":"https:\/\/www.plumeacoeuravif.com\/index.php\/wp-json\/wp\/v2\/media?parent=20"}],"curies":[{"name":"wp","href":"https:\/\/api.w.org\/{rel}","templated":true}]}}