{"id":188,"date":"2026-04-25T08:43:38","date_gmt":"2026-04-25T08:43:38","guid":{"rendered":"http:\/\/www.plumeacoeuravif.com\/?page_id=188"},"modified":"2026-04-25T08:46:53","modified_gmt":"2026-04-25T08:46:53","slug":"conditions-dutilisation","status":"publish","type":"page","link":"https:\/\/www.plumeacoeuravif.com\/index.php\/conditions-dutilisation\/","title":{"rendered":"Conditions d\u2019utilisation"},"content":{"rendered":"\n<p> <\/p>\n\n\n\n<h2 class=\"wp-block-heading\">Objet<\/h2>\n\n\n\n<p>Le pr\u00e9sent site propose des contenus artistiques : dessins, po\u00e8mes, textes et cr\u00e9ations originales.<\/p>\n\n\n\n<div style=\"height:33px\" aria-hidden=\"true\" class=\"wp-block-spacer\"><\/div>\n\n\n\n<h2 class=\"wp-block-heading\">Propri\u00e9t\u00e9 intellectuelle<\/h2>\n\n\n\n<p>Tous les contenus pr\u00e9sents sur ce site sont prot\u00e9g\u00e9s par le droit d\u2019auteur.<\/p>\n\n\n\n<p>Toute reproduction, diffusion ou utilisation sans autorisation \u00e9crite pr\u00e9alable est interdite.<\/p>\n\n\n\n<div style=\"height:41px\" aria-hidden=\"true\" class=\"wp-block-spacer\"><\/div>\n\n\n\n<h2 class=\"wp-block-heading\">Utilisation du site<\/h2>\n\n\n\n<p>L\u2019utilisateur s\u2019engage \u00e0 naviguer dans le respect du site et de ses contenus.<\/p>\n\n\n\n<div style=\"height:34px\" aria-hidden=\"true\" class=\"wp-block-spacer\"><\/div>\n\n\n\n<h2 class=\"wp-block-heading\">Responsabilit\u00e9<\/h2>\n\n\n\n<p>L\u2019\u00e9diteur ne saurait \u00eatre tenu responsable d\u2019\u00e9ventuelles erreurs, interruptions ou indisponibilit\u00e9s temporaires.<\/p>\n\n\n\n<div style=\"height:40px\" aria-hidden=\"true\" class=\"wp-block-spacer\"><\/div>\n\n\n\n<h2 class=\"wp-block-heading\">Modification<\/h2>\n\n\n\n<p>Les pr\u00e9sentes conditions peuvent \u00eatre modifi\u00e9es \u00e0 tout moment.<\/p>\n","protected":false},"excerpt":{"rendered":"<p>Objet Le pr\u00e9sent site propose des contenus artistiques : dessins, po\u00e8mes, textes et cr\u00e9ations originales. Propri\u00e9t\u00e9 intellectuelle Tous les contenus pr\u00e9sents sur ce site sont prot\u00e9g\u00e9s par le droit d\u2019auteur. Toute reproduction, diffusion ou utilisation sans autorisation \u00e9crite pr\u00e9alable est interdite. Utilisation du site L\u2019utilisateur s\u2019engage \u00e0 naviguer dans le respect du site et de [&hellip;]<\/p>\n","protected":false},"author":1,"featured_media":0,"parent":0,"menu_order":0,"comment_status":"closed","ping_status":"closed","template":"","meta":{"footnotes":""},"class_list":["post-188","page","type-page","status-publish","hentry"],"_links":{"self":[{"href":"https:\/\/www.plumeacoeuravif.com\/index.php\/wp-json\/wp\/v2\/pages\/188","targetHints":{"allow":["GET"]}}],"collection":[{"href":"https:\/\/www.plumeacoeuravif.com\/index.php\/wp-json\/wp\/v2\/pages"}],"about":[{"href":"https:\/\/www.plumeacoeuravif.com\/index.php\/wp-json\/wp\/v2\/types\/page"}],"author":[{"embeddable":true,"href":"https:\/\/www.plumeacoeuravif.com\/index.php\/wp-json\/wp\/v2\/users\/1"}],"replies":[{"embeddable":true,"href":"https:\/\/www.plumeacoeuravif.com\/index.php\/wp-json\/wp\/v2\/comments?post=188"}],"version-history":[{"count":3,"href":"https:\/\/www.plumeacoeuravif.com\/index.php\/wp-json\/wp\/v2\/pages\/188\/revisions"}],"predecessor-version":[{"id":193,"href":"https:\/\/www.plumeacoeuravif.com\/index.php\/wp-json\/wp\/v2\/pages\/188\/revisions\/193"}],"wp:attachment":[{"href":"https:\/\/www.plumeacoeuravif.com\/index.php\/wp-json\/wp\/v2\/media?parent=188"}],"curies":[{"name":"wp","href":"https:\/\/api.w.org\/{rel}","templated":true}]}}