{"id":183,"date":"2026-04-25T08:36:20","date_gmt":"2026-04-25T08:36:20","guid":{"rendered":"http:\/\/www.plumeacoeuravif.com\/?page_id=183"},"modified":"2026-04-25T08:36:20","modified_gmt":"2026-04-25T08:36:20","slug":"politique-de-confidentialite","status":"publish","type":"page","link":"https:\/\/www.plumeacoeuravif.com\/index.php\/politique-de-confidentialite\/","title":{"rendered":"Politique de confidentialit\u00e9"},"content":{"rendered":"\n<p> <\/p>\n\n\n\n<h2 class=\"wp-block-heading\">Collecte des donn\u00e9es<\/h2>\n\n\n\n<p>Ce site peut collecter certaines donn\u00e9es lorsque vous :<\/p>\n\n\n\n<ul class=\"wp-block-list\">\n<li>utilisez le formulaire de contact<\/li>\n\n\n\n<li>naviguez sur le site<\/li>\n\n\n\n<li>laissez un commentaire (si activ\u00e9)<\/li>\n<\/ul>\n\n\n\n<div style=\"height:31px\" aria-hidden=\"true\" class=\"wp-block-spacer\"><\/div>\n\n\n\n<h2 class=\"wp-block-heading\">Utilisation des donn\u00e9es<\/h2>\n\n\n\n<p>Les donn\u00e9es sont utilis\u00e9es uniquement pour :<\/p>\n\n\n\n<ul class=\"wp-block-list\">\n<li>r\u00e9pondre aux messages re\u00e7us<\/li>\n\n\n\n<li>am\u00e9liorer le fonctionnement du site<\/li>\n\n\n\n<li>assurer la s\u00e9curit\u00e9 du site<\/li>\n<\/ul>\n\n\n\n<div style=\"height:41px\" aria-hidden=\"true\" class=\"wp-block-spacer\"><\/div>\n\n\n\n<h2 class=\"wp-block-heading\">Cookies<\/h2>\n\n\n\n<p>Ce site peut utiliser des cookies n\u00e9cessaires \u00e0 son fonctionnement.<\/p>\n\n\n\n<div style=\"height:35px\" aria-hidden=\"true\" class=\"wp-block-spacer\"><\/div>\n\n\n\n<h2 class=\"wp-block-heading\">Conservation<\/h2>\n\n\n\n<p>Les donn\u00e9es sont conserv\u00e9es uniquement le temps n\u00e9cessaire.<\/p>\n\n\n\n<div style=\"height:32px\" aria-hidden=\"true\" class=\"wp-block-spacer\"><\/div>\n\n\n\n<h2 class=\"wp-block-heading\">Vos droits<\/h2>\n\n\n\n<p>Conform\u00e9ment au RGPD, vous pouvez demander l\u2019acc\u00e8s, la modification ou la suppression de vos donn\u00e9es \u00e0 :<\/p>\n\n\n\n<p><a href=\"mailto:plumeacoeuravif@outlook.com\">plumeacoeuravif@outlook.com<\/a><\/p>\n\n\n\n<div style=\"height:32px\" aria-hidden=\"true\" class=\"wp-block-spacer\"><\/div>\n\n\n\n<h2 class=\"wp-block-heading\">Contact<\/h2>\n\n\n\n<p>Pour toute question : <a href=\"mailto:plumeacoeuravif@outlook.com\">plumeacoeuravif@outlook.com<\/a><\/p>\n","protected":false},"excerpt":{"rendered":"<p>Collecte des donn\u00e9es Ce site peut collecter certaines donn\u00e9es lorsque vous : Utilisation des donn\u00e9es Les donn\u00e9es sont utilis\u00e9es uniquement pour : Cookies Ce site peut utiliser des cookies n\u00e9cessaires \u00e0 son fonctionnement. Conservation Les donn\u00e9es sont conserv\u00e9es uniquement le temps n\u00e9cessaire. Vos droits Conform\u00e9ment au RGPD, vous pouvez demander l\u2019acc\u00e8s, la modification ou la [&hellip;]<\/p>\n","protected":false},"author":1,"featured_media":0,"parent":0,"menu_order":0,"comment_status":"closed","ping_status":"closed","template":"","meta":{"footnotes":""},"class_list":["post-183","page","type-page","status-publish","hentry"],"_links":{"self":[{"href":"https:\/\/www.plumeacoeuravif.com\/index.php\/wp-json\/wp\/v2\/pages\/183","targetHints":{"allow":["GET"]}}],"collection":[{"href":"https:\/\/www.plumeacoeuravif.com\/index.php\/wp-json\/wp\/v2\/pages"}],"about":[{"href":"https:\/\/www.plumeacoeuravif.com\/index.php\/wp-json\/wp\/v2\/types\/page"}],"author":[{"embeddable":true,"href":"https:\/\/www.plumeacoeuravif.com\/index.php\/wp-json\/wp\/v2\/users\/1"}],"replies":[{"embeddable":true,"href":"https:\/\/www.plumeacoeuravif.com\/index.php\/wp-json\/wp\/v2\/comments?post=183"}],"version-history":[{"count":2,"href":"https:\/\/www.plumeacoeuravif.com\/index.php\/wp-json\/wp\/v2\/pages\/183\/revisions"}],"predecessor-version":[{"id":185,"href":"https:\/\/www.plumeacoeuravif.com\/index.php\/wp-json\/wp\/v2\/pages\/183\/revisions\/185"}],"wp:attachment":[{"href":"https:\/\/www.plumeacoeuravif.com\/index.php\/wp-json\/wp\/v2\/media?parent=183"}],"curies":[{"name":"wp","href":"https:\/\/api.w.org\/{rel}","templated":true}]}}