{"id":12,"date":"2026-04-24T08:14:46","date_gmt":"2026-04-24T08:14:46","guid":{"rendered":"https:\/\/www.plumeacoeuravif.com\/?page_id=12"},"modified":"2026-04-25T09:28:37","modified_gmt":"2026-04-25T09:28:37","slug":"accueil","status":"publish","type":"page","link":"https:\/\/www.plumeacoeuravif.com\/","title":{"rendered":"Plume \u00e0 C\u0153ur A vif"},"content":{"rendered":"\n<h1 class=\"wp-block-heading\"><strong>\u00c9crire. Dessiner. Peindre. <\/strong>                     <strong>Raconter pour reprendre son souffle.<\/strong><\/h1>\n\n\n\n<hr class=\"wp-block-separator has-alpha-channel-opacity\"\/>\n\n\n\n<div class=\"wp-block-columns is-layout-flex wp-container-core-columns-is-layout-28f84493 wp-block-columns-is-layout-flex\">\n<div class=\"wp-block-column is-layout-flow wp-block-column-is-layout-flow\">\n<div class=\"wp-block-columns is-layout-flex wp-container-core-columns-is-layout-28f84493 wp-block-columns-is-layout-flex\">\n<div class=\"wp-block-column is-layout-flow wp-block-column-is-layout-flow\">\n<div class=\"wp-block-columns is-layout-flex wp-container-core-columns-is-layout-28f84493 wp-block-columns-is-layout-flex\">\n<div class=\"wp-block-column is-layout-flow wp-block-column-is-layout-flow\">\n<p>Un univers o\u00f9 les \u00e9motions traversent :                                         le dessin, la peinture,                 les mots, les histoires.<\/p>\n\n\n\n<p><\/p>\n\n\n\n<blockquote class=\"wp-block-quote is-layout-flow wp-block-quote-is-layout-flow\">\n<p><em><strong>Une travers\u00e9e fragment\u00e9e, de l\u2019ombre \u00e0 la lumi\u00e8re.<\/strong><\/em><\/p>\n<\/blockquote>\n<\/div>\n<\/div>\n<\/div>\n<\/div>\n<\/div>\n\n\n\n<div class=\"wp-block-column is-layout-flow wp-block-column-is-layout-flow\">\n<figure class=\"wp-block-image aligncenter size-large is-resized\"><img loading=\"lazy\" decoding=\"async\" width=\"832\" height=\"1024\" src=\"http:\/\/www.plumeacoeuravif.com\/wp-content\/uploads\/2026\/04\/IMG_20260405_174225-V5-832x1024.jpg\" alt=\"\" class=\"wp-image-72\" style=\"width:1600px\" srcset=\"https:\/\/www.plumeacoeuravif.com\/wp-content\/uploads\/2026\/04\/IMG_20260405_174225-V5-832x1024.jpg 832w, https:\/\/www.plumeacoeuravif.com\/wp-content\/uploads\/2026\/04\/IMG_20260405_174225-V5-244x300.jpg 244w, https:\/\/www.plumeacoeuravif.com\/wp-content\/uploads\/2026\/04\/IMG_20260405_174225-V5-768x945.jpg 768w, https:\/\/www.plumeacoeuravif.com\/wp-content\/uploads\/2026\/04\/IMG_20260405_174225-V5-1249x1536.jpg 1249w, https:\/\/www.plumeacoeuravif.com\/wp-content\/uploads\/2026\/04\/IMG_20260405_174225-V5-1665x2048.jpg 1665w\" sizes=\"auto, (max-width: 832px) 100vw, 832px\" \/><\/figure>\n<\/div>\n<\/div>\n\n\n\n<hr class=\"wp-block-separator has-alpha-channel-opacity\"\/>\n\n\n\n<div style=\"height:20px\" aria-hidden=\"true\" class=\"wp-block-spacer\"><\/div>\n\n\n\n<p style=\"padding-top:0;padding-right:0;padding-bottom:0;padding-left:0\">Chaque mot, chaque trait conte :                                                                          <strong>un silence, une blessure,                                                                                          un espoir, une lumi\u00e8re retrouv\u00e9e.<\/strong><\/p>\n\n\n\n<div style=\"height:20px\" aria-hidden=\"true\" class=\"wp-block-spacer\"><\/div>\n\n\n\n<figure class=\"wp-block-pullquote\"><blockquote><p>L\u2019art devient une <strong>odyss\u00e9e <\/strong>vers la <strong>lumi\u00e8re<\/strong>.<\/p><\/blockquote><\/figure>\n\n\n\n<div class=\"wp-block-buttons is-layout-flex wp-container-core-buttons-is-layout-3592f90a wp-block-buttons-is-layout-flex\" style=\"padding-top:2px;padding-right:2px;padding-bottom:2px;padding-left:2px\">\n<div class=\"wp-block-button\"><a class=\"wp-block-button__link wp-element-button\" href=\"https:\/\/www.plumeacoeuravif.com\/index.php\/oeuvres\/\">D\u00e9couvrir les \u0152uvres <\/a><\/div>\n<\/div>\n\n\n\n<div class=\"wp-block-buttons is-layout-flex wp-container-core-buttons-is-layout-470096af wp-block-buttons-is-layout-flex\" style=\"padding-top:2px;padding-right:2px;padding-bottom:2px;padding-left:2px\">\n<div class=\"wp-block-button\"><a class=\"wp-block-button__link wp-element-button\" href=\"https:\/\/www.plumeacoeuravif.com\/index.php\/poemes-illustres\/\">Lire les po\u00e8mes illustr\u00e9s<\/a><\/div>\n<\/div>\n\n\n\n<div class=\"wp-block-buttons is-layout-flex wp-block-buttons-is-layout-flex\" style=\"padding-top:2px;padding-right:2px;padding-bottom:2px;padding-left:2px\">\n<div class=\"wp-block-button\"><a class=\"wp-block-button__link wp-element-button\" href=\"https:\/\/www.plumeacoeuravif.com\/index.php\/contes-illustres\/\">Explorer les Contes illustr\u00e9s<\/a><\/div>\n<\/div>\n\n\n\n<div style=\"height:20px\" aria-hidden=\"true\" class=\"wp-block-spacer\"><\/div>\n\n\n\n<hr class=\"wp-block-separator has-alpha-channel-opacity\"\/>\n\n\n\n<div style=\"height:29px\" aria-hidden=\"true\" class=\"wp-block-spacer\"><\/div>\n\n\n\n<blockquote class=\"wp-block-quote is-layout-flow wp-block-quote-is-layout-flow\">\n<h3 class=\"wp-block-heading\"><strong>Des fragments jaillit la lumi\u00e8re<\/strong><\/h3>\n<\/blockquote>\n\n\n\n<div style=\"height:20px\" aria-hidden=\"true\" class=\"wp-block-spacer\"><\/div>\n\n\n\n<p>Merci d\u2019avoir travers\u00e9 cet espace.<\/p>\n\n\n\n<div class=\"wp-block-buttons is-layout-flex wp-block-buttons-is-layout-flex\">\n<div class=\"wp-block-button\"><a class=\"wp-block-button__link wp-element-button\" href=\"https:\/\/www.instagram.com\/plumeacoeuravif\/\">Me suivre sur INSTAGRAM<\/a><\/div>\n<\/div>\n\n\n\n<div class=\"wp-block-columns is-layout-flex wp-container-core-columns-is-layout-28f84493 wp-block-columns-is-layout-flex\">\n<div class=\"wp-block-column is-layout-flow wp-block-column-is-layout-flow\" style=\"flex-basis:50%\"><\/div>\n<\/div>\n","protected":false},"excerpt":{"rendered":"<p>\u00c9crire. Dessiner. Peindre. Raconter pour reprendre son souffle. Un univers o\u00f9 les \u00e9motions traversent : le dessin, la peinture, les mots, les histoires. Une travers\u00e9e fragment\u00e9e, de l\u2019ombre \u00e0 la lumi\u00e8re. Chaque mot, chaque trait conte : un silence, une blessure, un espoir, une lumi\u00e8re retrouv\u00e9e. L\u2019art devient une odyss\u00e9e vers la lumi\u00e8re. Des fragments [&hellip;]<\/p>\n","protected":false},"author":1,"featured_media":0,"parent":0,"menu_order":0,"comment_status":"closed","ping_status":"closed","template":"","meta":{"footnotes":""},"class_list":["post-12","page","type-page","status-publish","hentry"],"_links":{"self":[{"href":"https:\/\/www.plumeacoeuravif.com\/index.php\/wp-json\/wp\/v2\/pages\/12","targetHints":{"allow":["GET"]}}],"collection":[{"href":"https:\/\/www.plumeacoeuravif.com\/index.php\/wp-json\/wp\/v2\/pages"}],"about":[{"href":"https:\/\/www.plumeacoeuravif.com\/index.php\/wp-json\/wp\/v2\/types\/page"}],"author":[{"embeddable":true,"href":"https:\/\/www.plumeacoeuravif.com\/index.php\/wp-json\/wp\/v2\/users\/1"}],"replies":[{"embeddable":true,"href":"https:\/\/www.plumeacoeuravif.com\/index.php\/wp-json\/wp\/v2\/comments?post=12"}],"version-history":[{"count":52,"href":"https:\/\/www.plumeacoeuravif.com\/index.php\/wp-json\/wp\/v2\/pages\/12\/revisions"}],"predecessor-version":[{"id":212,"href":"https:\/\/www.plumeacoeuravif.com\/index.php\/wp-json\/wp\/v2\/pages\/12\/revisions\/212"}],"wp:attachment":[{"href":"https:\/\/www.plumeacoeuravif.com\/index.php\/wp-json\/wp\/v2\/media?parent=12"}],"curies":[{"name":"wp","href":"https:\/\/api.w.org\/{rel}","templated":true}]}}